{"id":12069,"date":"2022-01-27T14:14:36","date_gmt":"2022-01-27T13:14:36","guid":{"rendered":"http:\/\/shotz-smoke.de\/shipping\/"},"modified":"2023-02-08T18:09:04","modified_gmt":"2023-02-08T17:09:04","slug":"shipping","status":"publish","type":"page","link":"https:\/\/shotz-smoke.de\/en\/shipping\/","title":{"rendered":"SHIPPING"},"content":{"rendered":"\t\t<div data-elementor-type=\"wp-page\" data-elementor-id=\"12069\" class=\"elementor elementor-12069 elementor-8741\">\n\t\t\t\t\t\t\t\t\t<section class=\"elementor-section elementor-top-section elementor-element elementor-element-ef8a848 elementor-section-boxed elementor-section-height-default elementor-section-height-default wd-section-disabled\" data-id=\"ef8a848\" data-element_type=\"section\">\n\t\t\t\t\t\t<div class=\"elementor-container elementor-column-gap-default\">\n\t\t\t\t\t<div class=\"elementor-column elementor-col-100 elementor-top-column elementor-element elementor-element-29e4dd1\" data-id=\"29e4dd1\" data-element_type=\"column\">\n\t\t\t<div class=\"elementor-widget-wrap elementor-element-populated\">\n\t\t\t\t\t\t\t\t<div class=\"elementor-element elementor-element-38e76ff elementor-widget elementor-widget-wd_text_block\" data-id=\"38e76ff\" data-element_type=\"widget\" data-widget_type=\"wd_text_block.default\">\n\t\t\t\t<div class=\"elementor-widget-container\">\n\t\t\t\t\t<div class=\"wd-text-block reset-last-child text-left\">\n\t\t\t\n\t\t\t<p class=\"p1\"><b>Versandkosten Deutschland<br \/><\/b><\/p><p class=\"p1\">Der Versand erfolgt nur innerhalb Deutschlands.<\/p><p class=\"p2\">Die Versandkosten betragen 5,90 inkl. MwSt. und beinhalten Lade- und Verpackungsgeb\u00fchren sowie die Portokosten.<\/p><p class=\"p2\"><br \/>Der Versand erfolgt \u00fcber einen externen Versanddienstleister (DHL).<\/p><p class=\"p1\">Sobald wir die Zahlung erhalten haben, versenden wir die von Ihnen bestellte Ware.<\/p><p class=\"p1\">Bei Vorverkauf-Produkten werden die Artikel versandt, sobald die Artikel verf\u00fcgbar sind.<\/p>\n\t\t\t\t\t<\/div>\n\t\t\t\t<\/div>\n\t\t\t\t<\/div>\n\t\t\t\t\t<\/div>\n\t\t<\/div>\n\t\t\t\t\t\t\t<\/div>\n\t\t<\/section>\n\t\t\t\t\t\t\t<\/div>\n\t\t","protected":false},"excerpt":{"rendered":"<p>Versandkosten Deutschland Der Versand erfolgt nur innerhalb Deutschlands. Die Versandkosten betragen 5,90 inkl. MwSt. und beinhalten Lade- und Verpackungsgeb\u00fchren sowie<\/p>\n","protected":false},"author":1,"featured_media":0,"parent":0,"menu_order":0,"comment_status":"closed","ping_status":"closed","template":"elementor_header_footer","meta":{"footnotes":""},"class_list":["post-12069","page","type-page","status-publish","hentry"],"jetpack_sharing_enabled":true,"jetpack-related-posts":[{"id":8741,"url":"https:\/\/shotz-smoke.de\/versandarten\/","url_meta":{"origin":12069,"position":0},"title":"Versandarten","author":"psrmarketing","date":"27. January 2022","format":false,"excerpt":"Versandkosten DeutschlandDer Versand erfolgt nur innerhalb Deutschlands.Die Versandkosten betragen 5,90 inkl. MwSt. und beinhalten Lade- und Verpackungsgeb\u00fchren sowie die Portokosten.Der Versand erfolgt \u00fcber einen externen Versanddienstleister (DHL).Sobald wir die Zahlung erhalten haben, versenden wir die von Ihnen bestellte Ware.Bei Vorverkauf-Produkten werden die Artikel versandt, sobald die Artikel verf\u00fcgbar sind.","rel":"","context":"Similar post","block_context":{"text":"Similar post","link":""},"img":{"alt_text":"","src":"","width":0,"height":0},"classes":[]},{"id":8739,"url":"https:\/\/shotz-smoke.de\/agb\/","url_meta":{"origin":12069,"position":1},"title":"AGB","author":"psrmarketing","date":"27. January 2022","format":false,"excerpt":"Allgemeine Gesch\u00e4ftsbedingungen Allgemeine Gesch\u00e4ftsbedingungen 1.\u00a0Geltungsbereich F\u00fcr alle Bestellungen \u00fcber unseren Online-Shop durch Verbraucher und Unternehmer gelten die nachfolgenden AGB. Verbraucher ist jede nat\u00fcrliche Person, die ein Rechtsgesch\u00e4ft zu Zwecken abschlie\u00dft, die \u00fcberwiegend weder ihrer gewerblichen noch ihrer selbst\u00e4ndigen beruflichen T\u00e4tigkeit zugerechnet werden k\u00f6nnen. Unternehmer ist eine nat\u00fcrliche oder juristische Person\u2026","rel":"","context":"Similar post","block_context":{"text":"Similar post","link":""},"img":{"alt_text":"","src":"","width":0,"height":0},"classes":[]},{"id":12347,"url":"https:\/\/shotz-smoke.de\/en\/agb\/","url_meta":{"origin":12069,"position":2},"title":"AGB","author":"psrmarketing","date":"27. January 2022","format":false,"excerpt":"Allgemeine Gesch\u00e4ftsbedingungen Allgemeine Gesch\u00e4ftsbedingungen 1.\u00a0Geltungsbereich F\u00fcr alle Bestellungen \u00fcber unseren Online-Shop durch Verbraucher und Unternehmer gelten die nachfolgenden AGB. Verbraucher ist jede nat\u00fcrliche Person, die ein Rechtsgesch\u00e4ft zu Zwecken abschlie\u00dft, die \u00fcberwiegend weder ihrer gewerblichen noch ihrer selbst\u00e4ndigen beruflichen T\u00e4tigkeit zugerechnet werden k\u00f6nnen. Unternehmer ist eine nat\u00fcrliche oder juristische Person\u2026","rel":"","context":"Similar post","block_context":{"text":"Similar post","link":""},"img":{"alt_text":"","src":"","width":0,"height":0},"classes":[]},{"id":4439,"url":"https:\/\/shotz-smoke.de\/kontakt\/","url_meta":{"origin":12069,"position":3},"title":"kontakt","author":"psrmarketing","date":"12. October 2021","format":false,"excerpt":"INFORMATIONEN Helpdesk & Antworten Wo bleibt mein Paket? Bestellungen per\u00a0 Sofort\u00fcberweisung werden sofort bearbeitet. Wenn Du per Vorkasse bestellst, musst Du damit rechnen, dass die \u00dcberweisung erst nach 1-2 Tagen auf unserem Konto eingeht. Sobald Deine Bestellung verschickt wird, erh\u00e4ltst Du eine Versandbenachrichtigung mit einem Link zur DHL Sendungsverfolgung. Dort\u2026","rel":"","context":"Similar post","block_context":{"text":"Similar post","link":""},"img":{"alt_text":"","src":"","width":0,"height":0},"classes":[]},{"id":8737,"url":"https:\/\/shotz-smoke.de\/datenschutzerklaerung\/","url_meta":{"origin":12069,"position":4},"title":"Datenschutzerkl\u00e4rung","author":"psrmarketing","date":"27. January 2022","format":false,"excerpt":"Datenschutzerkl\u00e4rungVerantwortlicher f\u00fcr die Datenverarbeitung ist:ALAAYA Europe UGBitburger Stra\u00dfe 2154668 Echternacherbr\u00fcckDeutschlandEmail: info@alaaya-europe.deWir freuen uns \u00fcber Ihr Interesse an unserem Online-Shop. Der Schutz Ihrer Privatsph\u00e4re ist f\u00fcr uns sehr wichtig. Nachstehend informieren wir Sie ausf\u00fchrlich \u00fcber den Umgang mit Ihren Daten.1.\u00a0Zugriffsdaten und HostingSie k\u00f6nnen unsere Webseiten besuchen, ohne Angaben zu Ihrer Person\u2026","rel":"","context":"Similar post","block_context":{"text":"Similar post","link":""},"img":{"alt_text":"","src":"","width":0,"height":0},"classes":[]},{"id":12343,"url":"https:\/\/shotz-smoke.de\/en\/policies\/","url_meta":{"origin":12069,"position":5},"title":"Policies","author":"psrmarketing","date":"27. January 2022","format":false,"excerpt":"Datenschutzerkl\u00e4rung Datenschutzerkl\u00e4rung Verantwortlicher f\u00fcr die Datenverarbeitung ist: ALAAYA Europe UG Bitburger Stra\u00dfe 21 54668 Echternacherbr\u00fcck Deutschland Email: info@shotz-smoke.de Wir freuen uns \u00fcber Ihr Interesse an unserem Online-Shop. Der Schutz Ihrer Privatsph\u00e4re ist f\u00fcr uns sehr wichtig. Nachstehend informieren wir Sie ausf\u00fchrlich \u00fcber den Umgang mit Ihren Daten. 1.\u00a0Zugriffsdaten und Hosting\u2026","rel":"","context":"Similar post","block_context":{"text":"Similar post","link":""},"img":{"alt_text":"","src":"","width":0,"height":0},"classes":[]}],"_links":{"self":[{"href":"https:\/\/shotz-smoke.de\/en\/wp-json\/wp\/v2\/pages\/12069","targetHints":{"allow":["GET"]}}],"collection":[{"href":"https:\/\/shotz-smoke.de\/en\/wp-json\/wp\/v2\/pages"}],"about":[{"href":"https:\/\/shotz-smoke.de\/en\/wp-json\/wp\/v2\/types\/page"}],"author":[{"embeddable":true,"href":"https:\/\/shotz-smoke.de\/en\/wp-json\/wp\/v2\/users\/1"}],"replies":[{"embeddable":true,"href":"https:\/\/shotz-smoke.de\/en\/wp-json\/wp\/v2\/comments?post=12069"}],"version-history":[{"count":1,"href":"https:\/\/shotz-smoke.de\/en\/wp-json\/wp\/v2\/pages\/12069\/revisions"}],"predecessor-version":[{"id":12070,"href":"https:\/\/shotz-smoke.de\/en\/wp-json\/wp\/v2\/pages\/12069\/revisions\/12070"}],"wp:attachment":[{"href":"https:\/\/shotz-smoke.de\/en\/wp-json\/wp\/v2\/media?parent=12069"}],"curies":[{"name":"wp","href":"https:\/\/api.w.org\/{rel}","templated":true}]}}