{"id":12187,"date":"2023-02-08T18:11:34","date_gmt":"2023-02-08T17:11:34","guid":{"rendered":"http:\/\/shotz-smoke.de\/about-us\/"},"modified":"2023-03-24T15:51:26","modified_gmt":"2023-03-24T14:51:26","slug":"about-us","status":"publish","type":"page","link":"https:\/\/shotz-smoke.de\/en\/about-us\/","title":{"rendered":"About Us"},"content":{"rendered":"\t\t<div data-elementor-type=\"wp-page\" data-elementor-id=\"12187\" class=\"elementor elementor-12187 elementor-12072\">\n\t\t\t\t\t\t\t\t\t<section class=\"elementor-section elementor-top-section elementor-element elementor-element-321f2cb7 elementor-section-boxed elementor-section-height-default elementor-section-height-default wd-section-disabled\" data-id=\"321f2cb7\" data-element_type=\"section\">\n\t\t\t\t\t\t<div class=\"elementor-container elementor-column-gap-default\">\n\t\t\t\t\t<div class=\"elementor-column elementor-col-100 elementor-top-column elementor-element elementor-element-48319295\" data-id=\"48319295\" data-element_type=\"column\">\n\t\t\t<div class=\"elementor-widget-wrap elementor-element-populated\">\n\t\t\t\t\t\t\t\t<div class=\"elementor-element elementor-element-c9f55e5 elementor-widget elementor-widget-wd_title\" data-id=\"c9f55e5\" data-element_type=\"widget\" data-widget_type=\"wd_title.default\">\n\t\t\t\t<div class=\"elementor-widget-container\">\n\t\t\t\t\t<div class=\"title-wrapper set-mb-s reset-last-child wd-title-color-default wd-title-style-default wd-title-size-extra-large text-left\">\n\n\t\t\t\n\t\t\t<div class=\"liner-continer\">\n\t\t\t\t<h4 class=\"woodmart-title-container title wd-fontsize-xxxl\">SHOTZ SMOKE<\/h4> \n\t\t\t\t\t\t\t<\/div>\n\n\t\t\t\t\t<\/div>\n\t\t\t\t<\/div>\n\t\t\t\t<\/div>\n\t\t\t\t<section class=\"elementor-section elementor-inner-section elementor-element elementor-element-302d53ce elementor-section-content-middle elementor-section-boxed elementor-section-height-default elementor-section-height-default wd-section-disabled\" data-id=\"302d53ce\" data-element_type=\"section\">\n\t\t\t\t\t\t<div class=\"elementor-container elementor-column-gap-default\">\n\t\t\t\t\t<div class=\"elementor-column elementor-col-100 elementor-inner-column elementor-element elementor-element-de466b6\" data-id=\"de466b6\" data-element_type=\"column\">\n\t\t\t<div class=\"elementor-widget-wrap elementor-element-populated\">\n\t\t\t\t\t\t\t\t<div class=\"elementor-element elementor-element-de6fb3c color-scheme-inherit text-left elementor-widget elementor-widget-text-editor\" data-id=\"de6fb3c\" data-element_type=\"widget\" data-widget_type=\"text-editor.default\">\n\t\t\t\t<div class=\"elementor-widget-container\">\n\t\t\t<style>\/*! elementor - v3.16.0 - 17-10-2023 *\/\n.elementor-widget-text-editor.elementor-drop-cap-view-stacked .elementor-drop-cap{background-color:#69727d;color:#fff}.elementor-widget-text-editor.elementor-drop-cap-view-framed .elementor-drop-cap{color:#69727d;border:3px solid;background-color:transparent}.elementor-widget-text-editor:not(.elementor-drop-cap-view-default) .elementor-drop-cap{margin-top:8px}.elementor-widget-text-editor:not(.elementor-drop-cap-view-default) .elementor-drop-cap-letter{width:1em;height:1em}.elementor-widget-text-editor .elementor-drop-cap{float:left;text-align:center;line-height:1;font-size:50px}.elementor-widget-text-editor .elementor-drop-cap-letter{display:inline-block}<\/style>\t\t\t\t<p class=\"p1\"><i>The idea of a new brand and a special e-cigarette that stands out from the crowd has been around for a long time. But with so many different brands, with all kinds of flavours and variations, it&#8217;s easy to ask yourself &#8220;how can you make a difference? <\/i><\/p><p class=\"p1\"><i>But &#8220;if you want to distinguish yourself from the others, then through quality. The best quality. Because quality always wins through&#8221; &#8211; the founders thought one day and step by step a small idea became an ever-growing project. <\/i><\/p><p class=\"p1\"><i>In 2023, we made it our mission to manufacture our SHOTZ products for you at the highest possible quality level MADE IN GERMANY.<\/i><\/p>\t\t\t\t\t\t<\/div>\n\t\t\t\t<\/div>\n\t\t\t\t\t<\/div>\n\t\t<\/div>\n\t\t\t\t\t\t\t<\/div>\n\t\t<\/section>\n\t\t\t\t\t<\/div>\n\t\t<\/div>\n\t\t\t\t\t\t\t<\/div>\n\t\t<\/section>\n\t\t\t\t\t\t\t<\/div>\n\t\t","protected":false},"excerpt":{"rendered":"<p>SHOTZ SMOKE The idea of a new brand and a special e-cigarette that stands out from the crowd has been<\/p>\n","protected":false},"author":1,"featured_media":0,"parent":0,"menu_order":0,"comment_status":"closed","ping_status":"closed","template":"","meta":{"footnotes":""},"class_list":["post-12187","page","type-page","status-publish","hentry"],"jetpack_sharing_enabled":true,"jetpack-related-posts":[{"id":11939,"url":"https:\/\/shotz-smoke.de\/en\/","url_meta":{"origin":12187,"position":0},"title":"Shotz Smoke","author":"psrmarketing","date":"22. October 2021","format":false,"excerpt":"OUR BESTSELLER | Quick view Close N\u00b01 Cherry Banana E-Shisha 15mg Nicotin 700 PUFFS 9,99\u00a0\u20ac Add to cart | Quick view Close N\u00b02 Fruity Lemonade E-Shisha 15mg Nicotin 700 puffs 9,99\u00a0\u20ac Add to cart | Quick view Close N\u00b03 Strawberry Kiwi E-Shisha 15 MG NICOTINE 700 Puffs 9,99\u00a0\u20ac Add to\u2026","rel":"","context":"Similar post","block_context":{"text":"Similar post","link":""},"img":{"alt_text":"","src":"https:\/\/i0.wp.com\/shotz-smoke.de\/wp-content\/uploads\/2022\/01\/No1_Kirsche-Banane_Produktbild-Kopie-800x800.jpeg?resize=350%2C200","width":350,"height":200,"srcset":"https:\/\/i0.wp.com\/shotz-smoke.de\/wp-content\/uploads\/2022\/01\/No1_Kirsche-Banane_Produktbild-Kopie-800x800.jpeg?resize=350%2C200 1x, https:\/\/i0.wp.com\/shotz-smoke.de\/wp-content\/uploads\/2022\/01\/No1_Kirsche-Banane_Produktbild-Kopie-800x800.jpeg?resize=525%2C300 1.5x, https:\/\/i0.wp.com\/shotz-smoke.de\/wp-content\/uploads\/2022\/01\/No1_Kirsche-Banane_Produktbild-Kopie-800x800.jpeg?resize=700%2C400 2x"},"classes":[]},{"id":11961,"url":"https:\/\/shotz-smoke.de\/en\/shotz-e-shisha\/","url_meta":{"origin":12187,"position":1},"title":"Shotz E-Shisha","author":"psrmarketing","date":"7. October 2022","format":false,"excerpt":"ALL SHOTZ E-SHISHA Enjoy our MADE IN GERMANY disposable e-shishas and experience the unforgettable intense and authentic taste of 100% natural flavors. Our e-shishas have up to 700 puffs, giving you plenty of smoking fun. ALLE E-SHISHAS Array The SHOTZ \u2013 disposable e-shishas The SHOTZ \u2013 Einweg E-Shishas show you\u2026","rel":"","context":"Similar post","block_context":{"text":"Similar post","link":""},"img":{"alt_text":"","src":"https:\/\/i0.wp.com\/shotz-smoke.de\/wp-content\/uploads\/2023\/07\/Banner-2-22PRODUKTE22-SEITE--1300x433.png?resize=350%2C200","width":350,"height":200,"srcset":"https:\/\/i0.wp.com\/shotz-smoke.de\/wp-content\/uploads\/2023\/07\/Banner-2-22PRODUKTE22-SEITE--1300x433.png?resize=350%2C200 1x, https:\/\/i0.wp.com\/shotz-smoke.de\/wp-content\/uploads\/2023\/07\/Banner-2-22PRODUKTE22-SEITE--1300x433.png?resize=525%2C300 1.5x, https:\/\/i0.wp.com\/shotz-smoke.de\/wp-content\/uploads\/2023\/07\/Banner-2-22PRODUKTE22-SEITE--1300x433.png?resize=700%2C400 2x, https:\/\/i0.wp.com\/shotz-smoke.de\/wp-content\/uploads\/2023\/07\/Banner-2-22PRODUKTE22-SEITE--1300x433.png?resize=1050%2C600 3x"},"classes":[]},{"id":12189,"url":"https:\/\/shotz-smoke.de\/en\/contact\/","url_meta":{"origin":12187,"position":2},"title":"contact","author":"psrmarketing","date":"12. October 2021","format":false,"excerpt":"INFORMATIONEN Helpdesk & Answer Where is my package? Orders by cash on delivery \/ immediate transfer \/ direct debit \/ invoice \/ PayPal are processed immediately. If you order in advance, you have to expect that the transfer will only arrive in our account after 1-2 days. As soon as\u2026","rel":"","context":"Similar post","block_context":{"text":"Similar post","link":""},"img":{"alt_text":"","src":"","width":0,"height":0},"classes":[]},{"id":6509,"url":"https:\/\/shotz-smoke.de\/shotz-smoke\/","url_meta":{"origin":12187,"position":3},"title":"Shotz Smoke","author":"psrmarketing","date":"22. October 2021","format":false,"excerpt":"UNSERE BESTSELLER | Quick view Schlie\u00dfen N\u00b01 Kirsche Banane E-Shisha 15 MG NIKOTIN 700 Z\u00fcge 9,99\u00a0\u20ac In den Warenkorb | Quick view Schlie\u00dfen N\u00b02 Fruity Lemonade E-Shisha 15 MG NIKOTIN 700 Z\u00fcge 9,99\u00a0\u20ac In den Warenkorb | Quick view Schlie\u00dfen N\u00b03 Erdbeere Kiwi E-Shisha 15 MG NIKOTIN 700 Z\u00fcge 9,99\u00a0\u20ac\u2026","rel":"","context":"Similar post","block_context":{"text":"Similar post","link":""},"img":{"alt_text":"","src":"https:\/\/i0.wp.com\/shotz-smoke.de\/wp-content\/uploads\/2022\/01\/No1_Kirsche-Banane_Produktbild-Kopie-800x800.jpeg?resize=350%2C200","width":350,"height":200,"srcset":"https:\/\/i0.wp.com\/shotz-smoke.de\/wp-content\/uploads\/2022\/01\/No1_Kirsche-Banane_Produktbild-Kopie-800x800.jpeg?resize=350%2C200 1x, https:\/\/i0.wp.com\/shotz-smoke.de\/wp-content\/uploads\/2022\/01\/No1_Kirsche-Banane_Produktbild-Kopie-800x800.jpeg?resize=525%2C300 1.5x, https:\/\/i0.wp.com\/shotz-smoke.de\/wp-content\/uploads\/2022\/01\/No1_Kirsche-Banane_Produktbild-Kopie-800x800.jpeg?resize=700%2C400 2x"},"classes":[]},{"id":10735,"url":"https:\/\/shotz-smoke.de\/shotz-e-shisha\/","url_meta":{"origin":12187,"position":4},"title":"Shotz E-Shisha","author":"psrmarketing","date":"7. October 2022","format":false,"excerpt":"ALLE SHOTZ EINWEG E-SHISHA Genie\u00dfen Sie unsere MADE IN GERMANY Einweg E-Shishas und schmecken Sie den unvergesslich intensiven und authentischen Geschmack 100% nat\u00fcrlicher Aromen. Unsere E-Shishas haben bis zu 700 Z\u00fcge und bieten Ihnen somit viel Rauchspa\u00df. ALLE E-SHISHAS Array DIE SHOTZ \u2013 Einweg E-Shishas Die\u00a0SHOTZ \u2013 Einweg E-Shishas werden\u2026","rel":"","context":"Similar post","block_context":{"text":"Similar post","link":""},"img":{"alt_text":"","src":"https:\/\/i0.wp.com\/shotz-smoke.de\/wp-content\/uploads\/2023\/07\/Banner-2-22PRODUKTE22-SEITE--1300x433.png?resize=350%2C200","width":350,"height":200,"srcset":"https:\/\/i0.wp.com\/shotz-smoke.de\/wp-content\/uploads\/2023\/07\/Banner-2-22PRODUKTE22-SEITE--1300x433.png?resize=350%2C200 1x, https:\/\/i0.wp.com\/shotz-smoke.de\/wp-content\/uploads\/2023\/07\/Banner-2-22PRODUKTE22-SEITE--1300x433.png?resize=525%2C300 1.5x, https:\/\/i0.wp.com\/shotz-smoke.de\/wp-content\/uploads\/2023\/07\/Banner-2-22PRODUKTE22-SEITE--1300x433.png?resize=700%2C400 2x, https:\/\/i0.wp.com\/shotz-smoke.de\/wp-content\/uploads\/2023\/07\/Banner-2-22PRODUKTE22-SEITE--1300x433.png?resize=1050%2C600 3x"},"classes":[]},{"id":12205,"url":"https:\/\/shotz-smoke.de\/en\/career\/","url_meta":{"origin":12187,"position":5},"title":"Career","author":"psrmarketing","date":"14. March 2023","format":false,"excerpt":"CAREER: We are looking for sales partners abroad!To expand our international sales activities, we are constantly looking for country representatives.Please send applications to: management@shotz-smoke.de","rel":"","context":"Similar post","block_context":{"text":"Similar post","link":""},"img":{"alt_text":"","src":"","width":0,"height":0},"classes":[]}],"_links":{"self":[{"href":"https:\/\/shotz-smoke.de\/en\/wp-json\/wp\/v2\/pages\/12187","targetHints":{"allow":["GET"]}}],"collection":[{"href":"https:\/\/shotz-smoke.de\/en\/wp-json\/wp\/v2\/pages"}],"about":[{"href":"https:\/\/shotz-smoke.de\/en\/wp-json\/wp\/v2\/types\/page"}],"author":[{"embeddable":true,"href":"https:\/\/shotz-smoke.de\/en\/wp-json\/wp\/v2\/users\/1"}],"replies":[{"embeddable":true,"href":"https:\/\/shotz-smoke.de\/en\/wp-json\/wp\/v2\/comments?post=12187"}],"version-history":[{"count":5,"href":"https:\/\/shotz-smoke.de\/en\/wp-json\/wp\/v2\/pages\/12187\/revisions"}],"predecessor-version":[{"id":12324,"href":"https:\/\/shotz-smoke.de\/en\/wp-json\/wp\/v2\/pages\/12187\/revisions\/12324"}],"wp:attachment":[{"href":"https:\/\/shotz-smoke.de\/en\/wp-json\/wp\/v2\/media?parent=12187"}],"curies":[{"name":"wp","href":"https:\/\/api.w.org\/{rel}","templated":true}]}}