{"id":12212,"date":"2022-01-27T14:14:36","date_gmt":"2022-01-27T13:14:36","guid":{"rendered":"http:\/\/shotz-smoke.de\/impressum\/"},"modified":"2023-03-15T11:33:38","modified_gmt":"2023-03-15T10:33:38","slug":"impressum","status":"publish","type":"page","link":"https:\/\/shotz-smoke.de\/en\/impressum\/","title":{"rendered":"Impressum"},"content":{"rendered":"\t\t<div data-elementor-type=\"wp-page\" data-elementor-id=\"12212\" class=\"elementor elementor-12212 elementor-8738\">\n\t\t\t\t\t\t\t\t\t<section class=\"elementor-section elementor-top-section elementor-element elementor-element-bb5913f elementor-section-boxed elementor-section-height-default elementor-section-height-default wd-section-disabled\" data-id=\"bb5913f\" data-element_type=\"section\">\n\t\t\t\t\t\t<div class=\"elementor-container elementor-column-gap-default\">\n\t\t\t\t\t<div class=\"elementor-column elementor-col-100 elementor-top-column elementor-element elementor-element-6bc9063\" data-id=\"6bc9063\" data-element_type=\"column\">\n\t\t\t<div class=\"elementor-widget-wrap elementor-element-populated\">\n\t\t\t\t\t\t\t\t<div class=\"elementor-element elementor-element-c5cf828 elementor-widget elementor-widget-wd_text_block\" data-id=\"c5cf828\" data-element_type=\"widget\" data-widget_type=\"wd_text_block.default\">\n\t\t\t\t<div class=\"elementor-widget-container\">\n\t\t\t\t\t<div class=\"wd-text-block reset-last-child text-left\">\n\t\t\t\n\t\t\t<p><b>Impressum&nbsp;<\/b><\/p><div dir=\"auto\">Shotz Smoke&nbsp;<\/div><div dir=\"auto\">powered by<\/div><div dir=\"auto\">ALAAYA Electronic Cigarettes &amp; Accessories Trading Co. LLC<\/div><div dir=\"auto\">&nbsp;<\/div><div dir=\"auto\">Inh. Mario Carlo Ries<\/div><div dir=\"auto\">Bitburger Stra\u00dfe 21, <br>54668 Echternacherbr\u00fcck<\/div><div dir=\"auto\">&nbsp;<\/div><p>info@shotz-smoke.de<br>support@shotz-smoke.de<br>www.shotz-smoke.de<\/p><p><strong>Verantwortlich f\u00fcr den Inhalt nach \u00a7 5 TMG und \u00a7 55 RStV:<\/strong><\/p><div dir=\"auto\"><span style=\"font-family: Jost, Arial, Helvetica, sans-serif; font-size: 15px; font-style: normal; font-variant-ligatures: normal; font-variant-caps: normal; font-weight: 400;\">ALAAYA Electronic Cigarettes &amp; Accessories Trading Co. LLC<\/span><br><\/div><div dir=\"auto\"><span style=\"font-family: Jost, Arial, Helvetica, sans-serif; font-size: 15px; font-style: normal; font-variant-ligatures: normal; font-variant-caps: normal; font-weight: 400;\">Bitburger Stra\u00dfe 21, <\/span><br><span style=\"font-family: Jost, Arial, Helvetica, sans-serif; font-size: 15px; font-style: normal; font-variant-ligatures: normal; font-variant-caps: normal; font-weight: 400;\">54668 Echternacherbr\u00fcck<\/span><br><\/div><div dir=\"auto\"><span style=\"font-family: Jost, Arial, Helvetica, sans-serif; font-size: 15px; font-style: normal; font-variant-ligatures: normal; font-variant-caps: normal; font-weight: 400;\"><br><\/span><\/div><h3>Alternative Streitbeilegung gem\u00e4\u00df Art. 14 Abs. 1 ODR-VO und \u00a7 36 VSBG:<\/h3><p>Die Europ\u00e4ische Kommission stellt eine Plattform zur Online-Streitbeilegung (OS) bereit, die du unter&nbsp;<a href=\"https:\/\/ec.europa.eu\/consumers\/odr\" target=\"_blank\" rel=\"noopener\">https:\/\/ec.europa.eu\/consumers\/odr<\/a>&nbsp;findest. Zur Teilnahme an einem Streitbeilegungsverfahren vor einer Verbraucherschlichtungsstelle sind wir nicht verpflichtet und nicht bereit.<\/p><h4><strong>Webdesign &amp; Entwicklung<\/strong><\/h4><p><strong>&nbsp;<\/strong>PSR Marketingagentur |&nbsp;Hofener Weg 15&nbsp;|&nbsp;71686 Remseck am Neckar |&nbsp;<a href=\"https:\/\/psr-marketing.com\/\" target=\"_blank\" rel=\"noopener noreferrer\" data-cke-saved-href=\"https:\/\/psr-marketing.com\/\">www.psr-marketing.com<\/a><\/p><div><strong>S\u00e4mtliche Bilder, Grafiken, Animationen etc. auf diesem Server sind urheberrechtlich gesch\u00fctzt. Jede unerlaubte Nutzung wird zivil- und strafrechtlich verfolgt.<\/strong><\/div><div>&nbsp;<\/div><div><strong>Die Inhalte sind nur f\u00fcr den bestimmungsgem\u00e4\u00dfen Abruf im Internet frei verf\u00fcgbar. Inhalte dieser Website d\u00fcrfen ohne unsere ausdr\u00fcckliche Genehmigung nicht in irgendeiner Form vervielf\u00e4ltigt, verbreitet, ver\u00e4ndert oder Dritten zug\u00e4nglich gemacht werden.<\/strong><\/div>\n\t\t\t\t\t<\/div>\n\t\t\t\t<\/div>\n\t\t\t\t<\/div>\n\t\t\t\t\t<\/div>\n\t\t<\/div>\n\t\t\t\t\t\t\t<\/div>\n\t\t<\/section>\n\t\t\t\t\t\t\t<\/div>\n\t\t","protected":false},"excerpt":{"rendered":"<p>Impressum&nbsp; Shotz Smoke&nbsp;powered byALAAYA Electronic Cigarettes &amp; Accessories Trading Co. LLC&nbsp;Inh. Mario Carlo RiesBitburger Stra\u00dfe 21, 54668 Echternacherbr\u00fcck&nbsp; info@shotz-smoke.desupport@shotz-smoke.dewww.shotz-smoke.de Verantwortlich<\/p>\n","protected":false},"author":1,"featured_media":0,"parent":0,"menu_order":0,"comment_status":"closed","ping_status":"closed","template":"elementor_header_footer","meta":{"footnotes":""},"class_list":["post-12212","page","type-page","status-publish","hentry"],"jetpack_sharing_enabled":true,"jetpack-related-posts":[{"id":8738,"url":"https:\/\/shotz-smoke.de\/impressum\/","url_meta":{"origin":12212,"position":0},"title":"Impressum","author":"psrmarketing","date":"27. January 2022","format":false,"excerpt":"Impressum\u00a0Shotz Smoke\u00a0powered byALAAYA Europe UG\u00a0ALAAYA Europe UG ist Lizenznehmer der ALAAYA Electronic Cigarettes & Accessories Trading Co. LLC\u00a0Inh. Carlo RiesBitburger Stra\u00dfe 2154668 Echternacherbr\u00fcck\u00a0Handelsregister: HRB 46460Amtsgericht: WittlichUSt-IdNr.:\u00a0 DE 48237658010info@shotz-smoke.desupport@shotz-smoke.dewww.shotz-smoke.deVerantwortlich f\u00fcr den Inhalt nach \u00a7 5 TMG und \u00a7 55 RStV:ALAAYA Europe UGBitburger Stra\u00dfe 2154668 Echternacherbr\u00fcck\u00a0Alternative Streitbeilegung gem\u00e4\u00df Art. 14 Abs. 1\u2026","rel":"","context":"Similar post","block_context":{"text":"Similar post","link":""},"img":{"alt_text":"","src":"","width":0,"height":0},"classes":[]},{"id":12187,"url":"https:\/\/shotz-smoke.de\/en\/about-us\/","url_meta":{"origin":12212,"position":1},"title":"About Us","author":"psrmarketing","date":"8. February 2023","format":false,"excerpt":"SHOTZ SMOKE The idea of a new brand and a special e-cigarette that stands out from the crowd has been around for a long time. But with so many different brands, with all kinds of flavours and variations, it's easy to ask yourself \"how can you make a difference? But\u2026","rel":"","context":"Similar post","block_context":{"text":"Similar post","link":""},"img":{"alt_text":"","src":"","width":0,"height":0},"classes":[]},{"id":8739,"url":"https:\/\/shotz-smoke.de\/agb\/","url_meta":{"origin":12212,"position":2},"title":"AGB","author":"psrmarketing","date":"27. January 2022","format":false,"excerpt":"Allgemeine Gesch\u00e4ftsbedingungen Allgemeine Gesch\u00e4ftsbedingungen 1.\u00a0Geltungsbereich F\u00fcr alle Bestellungen \u00fcber unseren Online-Shop durch Verbraucher und Unternehmer gelten die nachfolgenden AGB. Verbraucher ist jede nat\u00fcrliche Person, die ein Rechtsgesch\u00e4ft zu Zwecken abschlie\u00dft, die \u00fcberwiegend weder ihrer gewerblichen noch ihrer selbst\u00e4ndigen beruflichen T\u00e4tigkeit zugerechnet werden k\u00f6nnen. Unternehmer ist eine nat\u00fcrliche oder juristische Person\u2026","rel":"","context":"Similar post","block_context":{"text":"Similar post","link":""},"img":{"alt_text":"","src":"","width":0,"height":0},"classes":[]},{"id":12347,"url":"https:\/\/shotz-smoke.de\/en\/agb\/","url_meta":{"origin":12212,"position":3},"title":"AGB","author":"psrmarketing","date":"27. January 2022","format":false,"excerpt":"Allgemeine Gesch\u00e4ftsbedingungen Allgemeine Gesch\u00e4ftsbedingungen 1.\u00a0Geltungsbereich F\u00fcr alle Bestellungen \u00fcber unseren Online-Shop durch Verbraucher und Unternehmer gelten die nachfolgenden AGB. Verbraucher ist jede nat\u00fcrliche Person, die ein Rechtsgesch\u00e4ft zu Zwecken abschlie\u00dft, die \u00fcberwiegend weder ihrer gewerblichen noch ihrer selbst\u00e4ndigen beruflichen T\u00e4tigkeit zugerechnet werden k\u00f6nnen. Unternehmer ist eine nat\u00fcrliche oder juristische Person\u2026","rel":"","context":"Similar post","block_context":{"text":"Similar post","link":""},"img":{"alt_text":"","src":"","width":0,"height":0},"classes":[]},{"id":8740,"url":"https:\/\/shotz-smoke.de\/widerrufsbelehrung\/","url_meta":{"origin":12212,"position":4},"title":"Widerrufsbelehrung","author":"psrmarketing","date":"27. January 2022","format":false,"excerpt":"WiderrufsbelehrungVerbraucher haben ein vierzehnt\u00e4giges Widerrufsrecht.WiderrufsrechtSie haben das Recht, binnenvierzehn Tagenohne Angabe von Gr\u00fcnden diesen Vertrag zu widerrufen. Die Widerrufsfrist betr\u00e4gtvierzehn Tageab dem Tag, an dem Sie oder ein von Ihnen benannter Dritter, der nicht der Bef\u00f6rderer ist, die Waren in Besitz genommen haben bzw. hat.Um Ihr Widerrufsrecht auszu\u00fcben, m\u00fcssen Sie\u2026","rel":"","context":"Similar post","block_context":{"text":"Similar post","link":""},"img":{"alt_text":"","src":"","width":0,"height":0},"classes":[]},{"id":12349,"url":"https:\/\/shotz-smoke.de\/en\/return-policies\/","url_meta":{"origin":12212,"position":5},"title":"Return Policies","author":"psrmarketing","date":"27. January 2022","format":false,"excerpt":"Widerrufsbelehrung Widerrufsbelehrung Verbraucher haben ein vierzehnt\u00e4giges Widerrufsrecht. Widerrufsrecht Sie haben das Recht, binnen vierzehn Tagen ohne Angabe von Gr\u00fcnden diesen Vertrag zu widerrufen. Die Widerrufsfrist betr\u00e4gt vierzehn Tage ab dem Tag , an dem Sie oder ein von Ihnen benannter Dritter, der nicht der Bef\u00f6rderer ist, die Waren in Besitz\u2026","rel":"","context":"Similar post","block_context":{"text":"Similar post","link":""},"img":{"alt_text":"","src":"","width":0,"height":0},"classes":[]}],"_links":{"self":[{"href":"https:\/\/shotz-smoke.de\/en\/wp-json\/wp\/v2\/pages\/12212","targetHints":{"allow":["GET"]}}],"collection":[{"href":"https:\/\/shotz-smoke.de\/en\/wp-json\/wp\/v2\/pages"}],"about":[{"href":"https:\/\/shotz-smoke.de\/en\/wp-json\/wp\/v2\/types\/page"}],"author":[{"embeddable":true,"href":"https:\/\/shotz-smoke.de\/en\/wp-json\/wp\/v2\/users\/1"}],"replies":[{"embeddable":true,"href":"https:\/\/shotz-smoke.de\/en\/wp-json\/wp\/v2\/comments?post=12212"}],"version-history":[{"count":1,"href":"https:\/\/shotz-smoke.de\/en\/wp-json\/wp\/v2\/pages\/12212\/revisions"}],"predecessor-version":[{"id":12213,"href":"https:\/\/shotz-smoke.de\/en\/wp-json\/wp\/v2\/pages\/12212\/revisions\/12213"}],"wp:attachment":[{"href":"https:\/\/shotz-smoke.de\/en\/wp-json\/wp\/v2\/media?parent=12212"}],"curies":[{"name":"wp","href":"https:\/\/api.w.org\/{rel}","templated":true}]}}