{"id":12347,"date":"2022-01-27T14:14:36","date_gmt":"2022-01-27T13:14:36","guid":{"rendered":"http:\/\/shotz-smoke.de\/agb\/"},"modified":"2023-03-24T16:23:01","modified_gmt":"2023-03-24T15:23:01","slug":"agb","status":"publish","type":"page","link":"https:\/\/shotz-smoke.de\/en\/agb\/","title":{"rendered":"AGB"},"content":{"rendered":"\t\t<div data-elementor-type=\"wp-page\" data-elementor-id=\"12347\" class=\"elementor elementor-12347 elementor-8739\">\n\t\t\t\t\t\t\t\t\t<section class=\"elementor-section elementor-top-section elementor-element elementor-element-707201e elementor-section-boxed elementor-section-height-default elementor-section-height-default wd-section-disabled\" data-id=\"707201e\" data-element_type=\"section\">\n\t\t\t\t\t\t<div class=\"elementor-container elementor-column-gap-default\">\n\t\t\t\t\t<div class=\"elementor-column elementor-col-100 elementor-top-column elementor-element elementor-element-a887449\" data-id=\"a887449\" data-element_type=\"column\">\n\t\t\t<div class=\"elementor-widget-wrap elementor-element-populated\">\n\t\t\t\t\t\t\t\t<div class=\"elementor-element elementor-element-9207642 elementor-widget elementor-widget-wd_text_block\" data-id=\"9207642\" data-element_type=\"widget\" data-widget_type=\"wd_text_block.default\">\n\t\t\t\t<div class=\"elementor-widget-container\">\n\t\t\t\t\t<div class=\"wd-text-block reset-last-child text-left\">\n\t\t\t\n\t\t\t<!DOCTYPE html>\n<html lang=\"en\">\n<head>\n    <meta charset=\"utf-8\">\n    <title><p><strong>Allgemeine Gesch\u00e4ftsbedingungen<\/strong><\/p><\/title>\n    <meta http-equiv=\"Content-Type\" content=\"text\/html; charset=UTF-8\" \/>\n       <style> * { font-family: DejaVu Sans, sans-serif; } <\/style>\n<\/head>\n<body>\n<p><strong>Allgemeine Gesch\u00e4ftsbedingungen<\/strong><\/p>\n    <h2>1.\u00a0Geltungsbereich<\/h2>\n    <p>F\u00fcr alle Bestellungen \u00fcber unseren Online-Shop durch Verbraucher und Unternehmer gelten die nachfolgenden AGB.<\/p> <p>Verbraucher ist jede nat\u00fcrliche Person, die ein Rechtsgesch\u00e4ft zu Zwecken abschlie\u00dft, die \u00fcberwiegend weder ihrer gewerblichen noch ihrer selbst\u00e4ndigen beruflichen T\u00e4tigkeit zugerechnet werden k\u00f6nnen. Unternehmer ist eine nat\u00fcrliche oder juristische Person oder eine rechtsf\u00e4hige Personengesellschaft, die bei Abschluss eines Rechtsgesch\u00e4fts in Aus\u00fcbung ihrer gewerblichen oder selbst\u00e4ndigen beruflichen T\u00e4tigkeit handelt. <\/p> <p>Gegen\u00fcber Unternehmern gilt: Verwendet der Unternehmer entgegenstehende oder erg\u00e4nzende Allgemeine Gesch\u00e4ftsbedingungen, wird deren Geltung hiermit widersprochen; sie werden nur dann Vertragsbestandteil, wenn wir dem ausdr\u00fccklich zugestimmt haben. <\/p>\n    <h2>2.\u00a0Vertragspartner, Vertragsschluss, Korrekturm\u00f6glichkeiten<\/h2>\n    <p>Der Kaufvertrag kommt zustande mit ALAAYA Europe UG.<\/p>\n    <p>Mit Einstellung der Produkte in den Online-Shop geben wir ein verbindliches Angebot zum Vertragsschluss \u00fcber diese Artikel ab. Sie k\u00f6nnen unsere Produkte zun\u00e4chst unverbindlich in den Warenkorb legen und Ihre Eingaben vor Absenden Ihrer verbindlichen Bestellung jederzeit korrigieren, indem Sie die hierf\u00fcr im Bestellablauf vorgesehenen und erl\u00e4uterten Korrekturhilfen nutzen. Der Vertrag kommt zustande, indem Sie durch Anklicken des Bestellbuttons das Angebot \u00fcber die im Warenkorb enthaltenen Waren annehmen. Unmittelbar nach dem Absenden der Bestellung erhalten Sie noch einmal eine Best\u00e4tigung per E-Mail.<br><\/p>\n    <h2>3.\u00a0Vertragssprache, Vertragstextspeicherung<\/h2>\n    <p>Die f\u00fcr den Vertragsschluss zur Verf\u00fcgung stehende(n) Sprache(n): Deutsch, Englisch<\/p>\n    <p>Wir speichern den Vertragstext und senden Ihnen die Bestelldaten und unsere AGB in Textform zu. Den Vertragstext k\u00f6nnen Sie in unserem Kunden-Login einsehen.<br><\/p>\n    <h2>4.\u00a0Lieferbedingungen<\/h2>\n    <p>Zuz\u00fcglich zu den angegebenen Produktpreisen kommen noch Versandkosten hinzu. N\u00e4heres zur H\u00f6he der Versandkosten erfahren Sie bei den Angeboten.<\/p>\n    <p>Wir liefern nur im Versandweg. Eine Selbstabholung der Ware ist leider nicht m\u00f6glich. <\/p>\n    <h2>5.\u00a0Bezahlung<\/h2>\n    <p>In unserem Shop stehen Ihnen grunds\u00e4tzlich die folgenden Zahlungsarten zur Verf\u00fcgung:<\/p>\n    <p><strong>Vorkasse<\/strong><br>Bei Auswahl der Zahlungsart Vorkasse nennen wir Ihnen unsere Bankverbindung in separater E-Mail und liefern die Ware nach Zahlungseingang.<br><\/p>\n     <p><strong>Sofort by Klarna<\/strong><br> Um den Rechnungsbetrag \u00fcber den Zahlungsdienstleister Sofort GmbH, Theresienh\u00f6he 12, 80339 M\u00fcnchen bezahlen zu k\u00f6nnen, m\u00fcssen Sie \u00fcber ein f\u00fcr Online-Banking freigeschaltetes Bankkonto verf\u00fcgen, sich entsprechend legitimieren und die Zahlungsanweisung best\u00e4tigen. Ihr Konto wird unmittelbar nach Abgabe der Bestellung belastet. Weitere Hinweise erhalten Sie im Bestellvorgang.<\/p> \n    <p><strong>Rechnung<\/strong><br \/> Der Rechnungsbetrag ist 14 Tage nach Erhalt der Rechnung und der Ware per \u00dcberweisung auf das in der Rechnung angegebene Bankkonto f\u00e4llig. Wir behalten uns vor, den Kauf auf Rechnung nur nach einer erfolgreichen Bonit\u00e4tspr\u00fcfung anzubieten.<\/p>\n    <h2>6.\u00a0Widerrufsrecht<\/h2>\n    <p>Ihnen steht das gesetzliche Widerrufsrecht, wie in der Widerrufsbelehrung beschrieben, zu. <\/p>\n    <h2>7.\u00a0Eigentumsvorbehalt\u200b\u200b\u200b\u200b\u200b\u200b\u200b<\/h2>\n    <p>Die Ware bleibt bis zur vollst\u00e4ndigen Bezahlung unser Eigentum.<br \/> F\u00fcr Unternehmer gilt erg\u00e4nzend: Wir behalten uns das Eigentum an der Ware bis zur vollst\u00e4ndigen Begleichung aller Forderungen aus einer laufenden Gesch\u00e4ftsbeziehung vor. Sie d\u00fcrfen die Vorbehaltsware im ordentlichen Gesch\u00e4ftsbetrieb weiterver\u00e4u\u00dfern; s\u00e4mtliche aus diesem Weiterverkauf entstehenden Forderungen treten Sie \u2013 unabh\u00e4ngig von einer Verbindung oder Vermischung der Vorbehaltsware mit einer neuen Sache - in H\u00f6he des Rechnungsbetrages an uns im Voraus ab, und wir nehmen diese Abtretung an. Sie bleiben zur Einziehung der Forderungen erm\u00e4chtigt, wir d\u00fcrfen Forderungen jedoch auch selbst einziehen, soweit Sie Ihren Zahlungsverpflichtungen nicht nachkommen. Die uns zustehenden Sicherheiten werden wir auf Ihr Verlangen insoweit freigeben, als der realisierbare Wert der Sicherheiten den Wert der offenen Forderungen um mehr als 10 % \u00fcbersteigt.<\/p>\n    <h2>8.\u00a0Transportsch\u00e4den\u200b\u200b\u200b\u200b\u200b\u200b\u200b<\/h2>\n     <p>F\u00fcr Verbraucher gilt: Werden Waren mit offensichtlichen Transportsch\u00e4den angeliefert, so reklamieren Sie solche Fehler bitte m\u00f6glichst sofort beim Zusteller und nehmen Sie bitte unverz\u00fcglich Kontakt zu uns auf. Die Vers\u00e4umung einer Reklamation oder Kontaktaufnahme hat f\u00fcr Ihre gesetzlichen Anspr\u00fcche und deren Durchsetzung, insbesondere Ihre Gew\u00e4hrleistungsrechte, keinerlei Konsequenzen. Sie helfen uns aber, unsere eigenen Anspr\u00fcche gegen\u00fcber dem Frachtf\u00fchrer bzw. der Transportversicherung geltend machen zu k\u00f6nnen.<\/p> \n    <p>F\u00fcr Unternehmer gilt: Die Gefahr des zuf\u00e4lligen Untergangs und der zuf\u00e4lligen Verschlechterung geht auf Sie \u00fcber, sobald wir die Sache dem Spediteur, dem Frachtf\u00fchrer oder der sonst zur Ausf\u00fchrung der Versendung bestimmten Person oder Anstalt ausgeliefert haben.<\/p> \n    <h2>9.\u00a0Gew\u00e4hrleistung und Garantien\u200b\u200b\u200b\u200b\u200b\u200b\u200b<\/h2>\n    <h3>9.1\u00a0M\u00e4ngelhaftungsrecht <\/h3>\n    <p>Soweit nicht nachstehend ausdr\u00fccklich anders vereinbart, gilt das gesetzliche M\u00e4ngelhaftungsrecht.<\/p>\n     <p>Die nachstehenden Einschr\u00e4nkungen und Fristverk\u00fcrzungen gelten nicht f\u00fcr Anspr\u00fcche aufgrund von Sch\u00e4den, die durch uns, unsere gesetzlichen Vertreter oder Erf\u00fcllungsgehilfen verursacht wurden <ul> <li>bei Verletzung des Lebens, des K\u00f6rpers oder der Gesundheit<\/li> <li>bei vors\u00e4tzlicher oder grob fahrl\u00e4ssiger Pflichtverletzung sowie Arglist<\/li> <li>bei Verletzung wesentlicher Vertragspflichten, deren Erf\u00fcllung die ordnungsgem\u00e4\u00dfe Durchf\u00fchrung des Vertrages \u00fcberhaupt erst erm\u00f6glicht und auf deren Einhaltung der Vertragspartner regelm\u00e4\u00dfig vertrauen darf (Kardinalpflichten)<\/li> <li>im Rahmen eines Garantieversprechens, soweit vereinbart, oder<\/li> <li>soweit der Anwendungsbereich des Produkthaftungsgesetzes er\u00f6ffnet ist.<\/li> <\/ul> <p><strong>Beschr\u00e4nkungen gegen\u00fcber Unternehmern<\/strong> <p>Gegen\u00fcber Unternehmern gelten als Vereinbarung \u00fcber die Beschaffenheit der Ware nur unsere eigenen Angaben und die Produktbeschreibungen des Herstellers, die in den Vertrag einbezogen wurden; f\u00fcr \u00f6ffentliche \u00c4u\u00dferungen des Herstellers oder sonstige Werbeaussagen \u00fcbernehmen wir keine Haftung. F\u00fcr Unternehmer betr\u00e4gt die Verj\u00e4hrungsfrist f\u00fcr M\u00e4ngelanspr\u00fcche bei neu hergestellten Sachen ein Jahr ab Gefahr\u00fcbergang. \n    <\/p> <p>Die gesetzlichen Verj\u00e4hrungsfristen f\u00fcr den R\u00fcckgriffsanspruch nach \u00a7 445a BGB bleiben unber\u00fchrt.<\/p> <p><strong>Regelungen gegen\u00fcber Kaufleuten<\/strong><\/p> <p>Unter Kaufleuten gilt die in \u00a7 377 HGB geregelte Untersuchungs- und R\u00fcgepflicht. Unterlassen Sie die dort geregelte Anzeige, so gilt die Ware als genehmigt, es sei denn, dass es sich um einen Mangel handelt, der bei der Untersuchung nicht erkennbar war. Dies gilt nicht, falls wir einen Mangel arglistig verschwiegen haben.<\/p> \n    <h3>9.2\u00a0Garantien und Kundendienst <\/h3>\n     <p>Informationen zu gegebenenfalls geltenden zus\u00e4tzlichen Garantien und deren genaue Bedingungen finden Sie jeweils beim Produkt und auf besonderen Informationsseiten im Online-Shop.<\/p> \n    <h2>10.\u00a0Haftung\u200b\u200b\u200b\u200b\u200b\u200b\u200b<\/h2>\n    <p>F\u00fcr Anspr\u00fcche aufgrund von Sch\u00e4den, die durch uns, unsere gesetzlichen Vertreter oder Erf\u00fcllungsgehilfen verursacht wurden, haften wir stets unbeschr\u00e4nkt<\/p> <ul> <li>bei Verletzung des Lebens, des K\u00f6rpers oder der Gesundheit,<\/li> <li>bei vors\u00e4tzlicher oder grob fahrl\u00e4ssiger Pflichtverletzung,<\/li> <li>bei Garantieversprechen, soweit vereinbart, oder<\/li> <li>soweit der Anwendungsbereich des Produkthaftungsgesetzes er\u00f6ffnet ist.<\/li> <\/ul> <p>Bei Verletzung wesentlicher Vertragspflichten, deren Erf\u00fcllung die ordnungsgem\u00e4\u00dfe Durchf\u00fchrung des Vertrages \u00fcberhaupt erst erm\u00f6glicht und auf deren Einhaltung der Vertragspartner regelm\u00e4\u00dfig vertrauen darf, (Kardinalpflichten) durch leichte Fahrl\u00e4ssigkeit von uns, unseren gesetzlichen Vertretern oder Erf\u00fcllungsgehilfen ist die Haftung der H\u00f6he nach auf den bei Vertragsschluss vorhersehbaren Schaden begrenzt, mit dessen Entstehung typischerweise gerechnet werden muss. <br \/> Im \u00dcbrigen sind Anspr\u00fcche auf Schadensersatz ausgeschlossen.<\/p>\n    <h2>11.\u00a0Streitbeilegung\u200b\u200b\u200b\u200b\u200b\u200b\u200b<\/h2>\n    <p>Die Europ\u00e4ische Kommission stellt eine Plattform zur Online-Streitbeilegung (OS) bereit, die Sie <a href=\"https:\/\/ec.europa.eu\/consumers\/odr\/\" target=\"_blank\">hier<\/a> finden.\n     Wir sind bereit, an einem au\u00dfergerichtlichen Schlichtungsverfahren vor einer Verbraucherschlichtungsstelle teilzunehmen.<br> \n    <\/p><p>Zust\u00e4ndig ist die Au\u00dfergerichtliche Streitbeilegungsstelle f\u00fcr Verbraucher und Unternehmer e. V., Hohe Stra\u00dfe 11, D-04107 Leipzig, <a href=\"https:\/\/www.streitbeilegungsstelle.org\" target=\"_blank\">www.streitbeilegungsstelle.org<\/a>.<\/p>\n    <h2>12.\u00a0Jugendschutz\u200b\u200b\u200b\u200b\u200b\u200b\u200b<\/h2>\n    <p>Sofern Ihre Bestellung Waren umfasst, deren Verkauf Altersbeschr\u00e4nkungen unterliegt, stellen wir durch den Einsatz eines zuverl\u00e4ssigen Verfahrens unter Einbeziehung einer pers\u00f6nlichen Identit\u00e4ts- und Alterspr\u00fcfung sicher, dass der Besteller das erforderliche Mindestalter erreicht hat. Der Zusteller \u00fcbergibt die Ware erst nach erfolgter Alterspr\u00fcfung und nur an den Besteller pers\u00f6nlich.\n    Eine Zustellung an Packstationen ist in diesem Fall nicht m\u00f6glich.\n    <\/p><h2>13.\u00a0Schlussbestimmungen\u200b\u200b\u200b\u200b\u200b\u200b\u200b <\/h2>\n    <p>Sind Sie Unternehmer, dann gilt deutsches Recht unter Ausschluss des UN-Kaufrechts.<\/p>\n        <p>\n        <a href=\"https:\/\/legal.trustedshops.com\/produkte\/rechtstexter\" target=\"_blank\">AGB<\/a>\n        erstellt mit dem\n        <a href=\"https:\/\/legal.trustedshops.com\" target=\"_blank\">Trusted Shops<\/a>\n        Rechtstexter\n\n    <\/p>\n<\/body>\n<\/html>\n\n\t\t\t\t\t<\/div>\n\t\t\t\t<\/div>\n\t\t\t\t<\/div>\n\t\t\t\t\t<\/div>\n\t\t<\/div>\n\t\t\t\t\t\t\t<\/div>\n\t\t<\/section>\n\t\t\t\t\t\t\t<\/div>\n\t\t","protected":false},"excerpt":{"rendered":"<p>Allgemeine Gesch\u00e4ftsbedingungen Allgemeine Gesch\u00e4ftsbedingungen 1.\u00a0Geltungsbereich F\u00fcr alle Bestellungen \u00fcber unseren Online-Shop durch Verbraucher und Unternehmer gelten die nachfolgenden AGB. Verbraucher<\/p>\n","protected":false},"author":1,"featured_media":0,"parent":0,"menu_order":0,"comment_status":"closed","ping_status":"closed","template":"elementor_header_footer","meta":{"footnotes":""},"class_list":["post-12347","page","type-page","status-publish","hentry"],"jetpack_sharing_enabled":true,"jetpack-related-posts":[{"id":8739,"url":"https:\/\/shotz-smoke.de\/agb\/","url_meta":{"origin":12347,"position":0},"title":"AGB","author":"psrmarketing","date":"27. January 2022","format":false,"excerpt":"Allgemeine Gesch\u00e4ftsbedingungen Allgemeine Gesch\u00e4ftsbedingungen 1.\u00a0Geltungsbereich F\u00fcr alle Bestellungen \u00fcber unseren Online-Shop durch Verbraucher und Unternehmer gelten die nachfolgenden AGB. Verbraucher ist jede nat\u00fcrliche Person, die ein Rechtsgesch\u00e4ft zu Zwecken abschlie\u00dft, die \u00fcberwiegend weder ihrer gewerblichen noch ihrer selbst\u00e4ndigen beruflichen T\u00e4tigkeit zugerechnet werden k\u00f6nnen. Unternehmer ist eine nat\u00fcrliche oder juristische Person\u2026","rel":"","context":"Similar post","block_context":{"text":"Similar post","link":""},"img":{"alt_text":"","src":"","width":0,"height":0},"classes":[]},{"id":8740,"url":"https:\/\/shotz-smoke.de\/widerrufsbelehrung\/","url_meta":{"origin":12347,"position":1},"title":"Widerrufsbelehrung","author":"psrmarketing","date":"27. January 2022","format":false,"excerpt":"WiderrufsbelehrungVerbraucher haben ein vierzehnt\u00e4giges Widerrufsrecht.WiderrufsrechtSie haben das Recht, binnenvierzehn Tagenohne Angabe von Gr\u00fcnden diesen Vertrag zu widerrufen. Die Widerrufsfrist betr\u00e4gtvierzehn Tageab dem Tag, an dem Sie oder ein von Ihnen benannter Dritter, der nicht der Bef\u00f6rderer ist, die Waren in Besitz genommen haben bzw. hat.Um Ihr Widerrufsrecht auszu\u00fcben, m\u00fcssen Sie\u2026","rel":"","context":"Similar post","block_context":{"text":"Similar post","link":""},"img":{"alt_text":"","src":"","width":0,"height":0},"classes":[]},{"id":12349,"url":"https:\/\/shotz-smoke.de\/en\/return-policies\/","url_meta":{"origin":12347,"position":2},"title":"Return Policies","author":"psrmarketing","date":"27. January 2022","format":false,"excerpt":"Widerrufsbelehrung Widerrufsbelehrung Verbraucher haben ein vierzehnt\u00e4giges Widerrufsrecht. Widerrufsrecht Sie haben das Recht, binnen vierzehn Tagen ohne Angabe von Gr\u00fcnden diesen Vertrag zu widerrufen. Die Widerrufsfrist betr\u00e4gt vierzehn Tage ab dem Tag , an dem Sie oder ein von Ihnen benannter Dritter, der nicht der Bef\u00f6rderer ist, die Waren in Besitz\u2026","rel":"","context":"Similar post","block_context":{"text":"Similar post","link":""},"img":{"alt_text":"","src":"","width":0,"height":0},"classes":[]},{"id":12343,"url":"https:\/\/shotz-smoke.de\/en\/policies\/","url_meta":{"origin":12347,"position":3},"title":"Policies","author":"psrmarketing","date":"27. January 2022","format":false,"excerpt":"Datenschutzerkl\u00e4rung Datenschutzerkl\u00e4rung Verantwortlicher f\u00fcr die Datenverarbeitung ist: ALAAYA Europe UG Bitburger Stra\u00dfe 21 54668 Echternacherbr\u00fcck Deutschland Email: info@shotz-smoke.de Wir freuen uns \u00fcber Ihr Interesse an unserem Online-Shop. Der Schutz Ihrer Privatsph\u00e4re ist f\u00fcr uns sehr wichtig. Nachstehend informieren wir Sie ausf\u00fchrlich \u00fcber den Umgang mit Ihren Daten. 1.\u00a0Zugriffsdaten und Hosting\u2026","rel":"","context":"Similar post","block_context":{"text":"Similar post","link":""},"img":{"alt_text":"","src":"","width":0,"height":0},"classes":[]},{"id":12212,"url":"https:\/\/shotz-smoke.de\/en\/impressum\/","url_meta":{"origin":12347,"position":4},"title":"Impressum","author":"psrmarketing","date":"27. January 2022","format":false,"excerpt":"Impressum\u00a0Shotz Smoke\u00a0powered byALAAYA Electronic Cigarettes & Accessories Trading Co. LLC\u00a0Inh. Mario Carlo RiesBitburger Stra\u00dfe 21, 54668 Echternacherbr\u00fcck\u00a0info@shotz-smoke.desupport@shotz-smoke.dewww.shotz-smoke.deVerantwortlich f\u00fcr den Inhalt nach \u00a7 5 TMG und \u00a7 55 RStV:ALAAYA Electronic Cigarettes & Accessories Trading Co. LLCBitburger Stra\u00dfe 21, 54668 Echternacherbr\u00fcckAlternative Streitbeilegung gem\u00e4\u00df Art. 14 Abs. 1 ODR-VO und \u00a7 36 VSBG:Die\u2026","rel":"","context":"Similar post","block_context":{"text":"Similar post","link":""},"img":{"alt_text":"","src":"","width":0,"height":0},"classes":[]},{"id":8738,"url":"https:\/\/shotz-smoke.de\/impressum\/","url_meta":{"origin":12347,"position":5},"title":"Impressum","author":"psrmarketing","date":"27. January 2022","format":false,"excerpt":"Impressum\u00a0Shotz Smoke\u00a0powered byALAAYA Europe UG\u00a0ALAAYA Europe UG ist Lizenznehmer der ALAAYA Electronic Cigarettes & Accessories Trading Co. LLC\u00a0Inh. Carlo RiesBitburger Stra\u00dfe 2154668 Echternacherbr\u00fcck\u00a0Handelsregister: HRB 46460Amtsgericht: WittlichUSt-IdNr.:\u00a0 DE 48237658010info@shotz-smoke.desupport@shotz-smoke.dewww.shotz-smoke.deVerantwortlich f\u00fcr den Inhalt nach \u00a7 5 TMG und \u00a7 55 RStV:ALAAYA Europe UGBitburger Stra\u00dfe 2154668 Echternacherbr\u00fcck\u00a0Alternative Streitbeilegung gem\u00e4\u00df Art. 14 Abs. 1\u2026","rel":"","context":"Similar post","block_context":{"text":"Similar post","link":""},"img":{"alt_text":"","src":"","width":0,"height":0},"classes":[]}],"_links":{"self":[{"href":"https:\/\/shotz-smoke.de\/en\/wp-json\/wp\/v2\/pages\/12347","targetHints":{"allow":["GET"]}}],"collection":[{"href":"https:\/\/shotz-smoke.de\/en\/wp-json\/wp\/v2\/pages"}],"about":[{"href":"https:\/\/shotz-smoke.de\/en\/wp-json\/wp\/v2\/types\/page"}],"author":[{"embeddable":true,"href":"https:\/\/shotz-smoke.de\/en\/wp-json\/wp\/v2\/users\/1"}],"replies":[{"embeddable":true,"href":"https:\/\/shotz-smoke.de\/en\/wp-json\/wp\/v2\/comments?post=12347"}],"version-history":[{"count":1,"href":"https:\/\/shotz-smoke.de\/en\/wp-json\/wp\/v2\/pages\/12347\/revisions"}],"predecessor-version":[{"id":12348,"href":"https:\/\/shotz-smoke.de\/en\/wp-json\/wp\/v2\/pages\/12347\/revisions\/12348"}],"wp:attachment":[{"href":"https:\/\/shotz-smoke.de\/en\/wp-json\/wp\/v2\/media?parent=12347"}],"curies":[{"name":"wp","href":"https:\/\/api.w.org\/{rel}","templated":true}]}}