{"id":12349,"date":"2022-01-27T14:14:36","date_gmt":"2022-01-27T13:14:36","guid":{"rendered":"http:\/\/shotz-smoke.de\/return-policies\/"},"modified":"2023-03-24T16:23:23","modified_gmt":"2023-03-24T15:23:23","slug":"return-policies","status":"publish","type":"page","link":"https:\/\/shotz-smoke.de\/en\/return-policies\/","title":{"rendered":"Return Policies"},"content":{"rendered":"\t\t<div data-elementor-type=\"wp-page\" data-elementor-id=\"12349\" class=\"elementor elementor-12349 elementor-8740\">\n\t\t\t\t\t\t\t\t\t<section class=\"elementor-section elementor-top-section elementor-element elementor-element-6545d61 elementor-section-boxed elementor-section-height-default elementor-section-height-default wd-section-disabled\" data-id=\"6545d61\" data-element_type=\"section\">\n\t\t\t\t\t\t<div class=\"elementor-container elementor-column-gap-default\">\n\t\t\t\t\t<div class=\"elementor-column elementor-col-100 elementor-top-column elementor-element elementor-element-74a3555\" data-id=\"74a3555\" data-element_type=\"column\">\n\t\t\t<div class=\"elementor-widget-wrap elementor-element-populated\">\n\t\t\t\t\t\t\t\t<div class=\"elementor-element elementor-element-4f3a643 elementor-widget elementor-widget-wd_text_block\" data-id=\"4f3a643\" data-element_type=\"widget\" data-widget_type=\"wd_text_block.default\">\n\t\t\t\t<div class=\"elementor-widget-container\">\n\t\t\t\t\t<div class=\"wd-text-block reset-last-child text-left\">\n\t\t\t\n\t\t\t<!DOCTYPE html>\n<html lang=\"en\">\n<head>\n    <meta charset=\"utf-8\">\n    <title><p><strong>Widerrufsbelehrung<\/strong><\/p><\/title>\n    <meta http-equiv=\"Content-Type\" content=\"text\/html; charset=UTF-8\" \/>\n       <style> * { font-family: DejaVu Sans, sans-serif; } <\/style>\n<\/head>\n<body>\n<p><strong>Widerrufsbelehrung<\/strong><\/p>\n    <p>Verbraucher haben ein vierzehnt\u00e4giges Widerrufsrecht.<\/p>\n    <p><strong>Widerrufsrecht<\/strong> <p>Sie haben das Recht, binnen\n    vierzehn Tagen\n    ohne Angabe von Gr\u00fcnden diesen Vertrag zu widerrufen. Die Widerrufsfrist betr\u00e4gt \n    vierzehn Tage\n    ab dem Tag\n    , an dem Sie oder ein von Ihnen benannter Dritter, der nicht der Bef\u00f6rderer ist, die Waren in Besitz genommen haben bzw. hat. \n    <\/p> <p>Um Ihr Widerrufsrecht auszu\u00fcben, m\u00fcssen Sie uns (ALAAYA Europe UG, Bitburger Stra\u00dfe 21 , 54668 Echternacherbr\u00fcck Untereisesheim, Deutschland, info@shotz-smoke.de, Telefon: auf Anfrage) mittels einer eindeutigen Erkl\u00e4rung (z.B. ein mit der Post versandter Brief oder eine E-Mail) \u00fcber Ihren Entschluss, diesen Vertrag zu widerrufen, informieren. Sie k\u00f6nnen daf\u00fcr das beigef\u00fcgte Muster-Widerrufsformular verwenden, das jedoch nicht vorgeschrieben ist. \n    <\/p><p>Zur Wahrung der Widerrufsfrist reicht es aus, dass Sie die Mitteilung \u00fcber die Aus\u00fcbung des Widerrufsrechts vor Ablauf der Widerrufsfrist absenden.  <p><strong>Folgen des Widerrufs <\/strong> <p>Wenn Sie diesen Vertrag widerrufen, haben wir Ihnen alle Zahlungen, die wir von Ihnen erhalten haben, einschlie\u00dflich der Lieferkosten (mit Ausnahme der zus\u00e4tzlichen Kosten, die sich daraus ergeben, dass Sie eine andere Art der Lieferung als die von uns angebotene, g\u00fcnstigste Standardlieferung gew\u00e4hlt haben), unverz\u00fcglich und sp\u00e4testens binnen vierzehn Tagen ab dem Tag zur\u00fcckzuzahlen, an dem die Mitteilung \u00fcber Ihren Widerruf dieses Vertrags bei uns eingegangen ist. F\u00fcr diese R\u00fcckzahlung verwenden wir dasselbe Zahlungsmittel, das Sie bei der urspr\u00fcnglichen Transaktion eingesetzt haben, es sei denn, mit Ihnen wurde ausdr\u00fccklich etwas anderes vereinbart; in keinem Fall werden Ihnen wegen dieser R\u00fcckzahlung Entgelte berechnet.\n    Wir k\u00f6nnen die R\u00fcckzahlung verweigern, bis wir die Waren wieder zur\u00fcckerhalten haben oder bis Sie den Nachweis erbracht haben, dass Sie die Waren zur\u00fcckgesandt haben, je nachdem, welches der fr\u00fchere Zeitpunkt ist.<br>\n    <\/p> <p>Sie haben die Waren unverz\u00fcglich und in jedem Fall sp\u00e4testens binnen vierzehn Tagen ab dem Tag, an dem Sie uns \u00fcber den Widerruf dieses Vertrags unterrichten, an uns zur\u00fcckzusenden oder zu \u00fcbergeben. Die Frist ist gewahrt, wenn Sie die Waren vor Ablauf der Frist von vierzehn Tagen absenden. \n    Sie tragen die unmittelbaren Kosten der R\u00fccksendung der Waren.\n    Sie m\u00fcssen f\u00fcr einen etwaigen Wertverlust der Waren nur aufkommen, wenn dieser Wertverlust auf einen zur Pr\u00fcfung der Beschaffenheit, Eigenschaften und Funktionsweise der Waren nicht notwendigen Umgang mit ihnen zur\u00fcckzuf\u00fchren ist.\n    <\/p> <table style=\"width:100%\" cellspacing=\"1\" cellpadding=\"1\" border=\"1\"> <tbody> <tr> <td> <p><strong>Muster-Widerrufsformular<\/strong><\/p> <p><em>(Wenn Sie den Vertrag widerrufen wollen, dann f\u00fcllen Sie bitte dieses Formular aus und senden Sie es zur\u00fcck.)<\/em><\/p> <p>\u2013 An ALAAYA Europe UG, Bitburger Stra\u00dfe 21 , 54668 Echternacherbr\u00fcck Untereisesheim, Deutschland, info@shotz-smoke.de<\/p> <p>\u2013 Hiermit widerrufe(n) ich\/wir (*) den von mir\/uns (*) abgeschlossenen Vertrag \u00fcber den Kauf der folgenden<br> Waren (*)\/die Erbringung der folgenden Dienstleistung (*)<\/p> <p>\u2013 Bestellt am (*)\/erhalten am (*)<\/p> <p>\u2013 Name des\/der Verbraucher(s)<\/p> <p>\u2013 Anschrift des\/der Verbraucher(s)<\/p> <p>\u2013 Unterschrift des\/der Verbraucher(s) (nur bei Mitteilung auf Papier)<\/p> <p>\u2013 Datum<br> <br> <em>(*) Unzutreffendes streichen.<\/em><\/p> <\/td> <\/tr> <\/tbody> <\/table> \n        <p>\n        <a href=\"https:\/\/legal.trustedshops.com\/produkte\/rechtstexter\" target=\"_blank\">Widerrufsbelehrung<\/a>\n        erstellt mit dem\n        <a href=\"https:\/\/legal.trustedshops.com\" target=\"_blank\">Trusted Shops<\/a>\n        Rechtstexter\n\n    <\/p>\n<\/body>\n<\/html>\n\n\t\t\t\t\t<\/div>\n\t\t\t\t<\/div>\n\t\t\t\t<\/div>\n\t\t\t\t\t<\/div>\n\t\t<\/div>\n\t\t\t\t\t\t\t<\/div>\n\t\t<\/section>\n\t\t\t\t\t\t\t<\/div>\n\t\t","protected":false},"excerpt":{"rendered":"<p>Widerrufsbelehrung Widerrufsbelehrung Verbraucher haben ein vierzehnt\u00e4giges Widerrufsrecht. Widerrufsrecht Sie haben das Recht, binnen vierzehn Tagen ohne Angabe von Gr\u00fcnden diesen<\/p>\n","protected":false},"author":1,"featured_media":0,"parent":0,"menu_order":0,"comment_status":"closed","ping_status":"closed","template":"elementor_header_footer","meta":{"footnotes":""},"class_list":["post-12349","page","type-page","status-publish","hentry"],"jetpack_sharing_enabled":true,"jetpack-related-posts":[{"id":8740,"url":"https:\/\/shotz-smoke.de\/widerrufsbelehrung\/","url_meta":{"origin":12349,"position":0},"title":"Widerrufsbelehrung","author":"psrmarketing","date":"27. January 2022","format":false,"excerpt":"WiderrufsbelehrungVerbraucher haben ein vierzehnt\u00e4giges Widerrufsrecht.WiderrufsrechtSie haben das Recht, binnenvierzehn Tagenohne Angabe von Gr\u00fcnden diesen Vertrag zu widerrufen. Die Widerrufsfrist betr\u00e4gtvierzehn Tageab dem Tag, an dem Sie oder ein von Ihnen benannter Dritter, der nicht der Bef\u00f6rderer ist, die Waren in Besitz genommen haben bzw. hat.Um Ihr Widerrufsrecht auszu\u00fcben, m\u00fcssen Sie\u2026","rel":"","context":"Similar post","block_context":{"text":"Similar post","link":""},"img":{"alt_text":"","src":"","width":0,"height":0},"classes":[]},{"id":8739,"url":"https:\/\/shotz-smoke.de\/agb\/","url_meta":{"origin":12349,"position":1},"title":"AGB","author":"psrmarketing","date":"27. January 2022","format":false,"excerpt":"Allgemeine Gesch\u00e4ftsbedingungen Allgemeine Gesch\u00e4ftsbedingungen 1.\u00a0Geltungsbereich F\u00fcr alle Bestellungen \u00fcber unseren Online-Shop durch Verbraucher und Unternehmer gelten die nachfolgenden AGB. Verbraucher ist jede nat\u00fcrliche Person, die ein Rechtsgesch\u00e4ft zu Zwecken abschlie\u00dft, die \u00fcberwiegend weder ihrer gewerblichen noch ihrer selbst\u00e4ndigen beruflichen T\u00e4tigkeit zugerechnet werden k\u00f6nnen. Unternehmer ist eine nat\u00fcrliche oder juristische Person\u2026","rel":"","context":"Similar post","block_context":{"text":"Similar post","link":""},"img":{"alt_text":"","src":"","width":0,"height":0},"classes":[]},{"id":12347,"url":"https:\/\/shotz-smoke.de\/en\/agb\/","url_meta":{"origin":12349,"position":2},"title":"AGB","author":"psrmarketing","date":"27. January 2022","format":false,"excerpt":"Allgemeine Gesch\u00e4ftsbedingungen Allgemeine Gesch\u00e4ftsbedingungen 1.\u00a0Geltungsbereich F\u00fcr alle Bestellungen \u00fcber unseren Online-Shop durch Verbraucher und Unternehmer gelten die nachfolgenden AGB. Verbraucher ist jede nat\u00fcrliche Person, die ein Rechtsgesch\u00e4ft zu Zwecken abschlie\u00dft, die \u00fcberwiegend weder ihrer gewerblichen noch ihrer selbst\u00e4ndigen beruflichen T\u00e4tigkeit zugerechnet werden k\u00f6nnen. Unternehmer ist eine nat\u00fcrliche oder juristische Person\u2026","rel":"","context":"Similar post","block_context":{"text":"Similar post","link":""},"img":{"alt_text":"","src":"","width":0,"height":0},"classes":[]},{"id":12343,"url":"https:\/\/shotz-smoke.de\/en\/policies\/","url_meta":{"origin":12349,"position":3},"title":"Policies","author":"psrmarketing","date":"27. January 2022","format":false,"excerpt":"Datenschutzerkl\u00e4rung Datenschutzerkl\u00e4rung Verantwortlicher f\u00fcr die Datenverarbeitung ist: ALAAYA Europe UG Bitburger Stra\u00dfe 21 54668 Echternacherbr\u00fcck Deutschland Email: info@shotz-smoke.de Wir freuen uns \u00fcber Ihr Interesse an unserem Online-Shop. Der Schutz Ihrer Privatsph\u00e4re ist f\u00fcr uns sehr wichtig. Nachstehend informieren wir Sie ausf\u00fchrlich \u00fcber den Umgang mit Ihren Daten. 1.\u00a0Zugriffsdaten und Hosting\u2026","rel":"","context":"Similar post","block_context":{"text":"Similar post","link":""},"img":{"alt_text":"","src":"","width":0,"height":0},"classes":[]},{"id":8737,"url":"https:\/\/shotz-smoke.de\/datenschutzerklaerung\/","url_meta":{"origin":12349,"position":4},"title":"Datenschutzerkl\u00e4rung","author":"psrmarketing","date":"27. January 2022","format":false,"excerpt":"Datenschutzerkl\u00e4rungVerantwortlicher f\u00fcr die Datenverarbeitung ist:ALAAYA Europe UGBitburger Stra\u00dfe 2154668 Echternacherbr\u00fcckDeutschlandEmail: info@alaaya-europe.deWir freuen uns \u00fcber Ihr Interesse an unserem Online-Shop. Der Schutz Ihrer Privatsph\u00e4re ist f\u00fcr uns sehr wichtig. Nachstehend informieren wir Sie ausf\u00fchrlich \u00fcber den Umgang mit Ihren Daten.1.\u00a0Zugriffsdaten und HostingSie k\u00f6nnen unsere Webseiten besuchen, ohne Angaben zu Ihrer Person\u2026","rel":"","context":"Similar post","block_context":{"text":"Similar post","link":""},"img":{"alt_text":"","src":"","width":0,"height":0},"classes":[]},{"id":12212,"url":"https:\/\/shotz-smoke.de\/en\/impressum\/","url_meta":{"origin":12349,"position":5},"title":"Impressum","author":"psrmarketing","date":"27. January 2022","format":false,"excerpt":"Impressum\u00a0Shotz Smoke\u00a0powered byALAAYA Electronic Cigarettes & Accessories Trading Co. LLC\u00a0Inh. Mario Carlo RiesBitburger Stra\u00dfe 21, 54668 Echternacherbr\u00fcck\u00a0info@shotz-smoke.desupport@shotz-smoke.dewww.shotz-smoke.deVerantwortlich f\u00fcr den Inhalt nach \u00a7 5 TMG und \u00a7 55 RStV:ALAAYA Electronic Cigarettes & Accessories Trading Co. LLCBitburger Stra\u00dfe 21, 54668 Echternacherbr\u00fcckAlternative Streitbeilegung gem\u00e4\u00df Art. 14 Abs. 1 ODR-VO und \u00a7 36 VSBG:Die\u2026","rel":"","context":"Similar post","block_context":{"text":"Similar post","link":""},"img":{"alt_text":"","src":"","width":0,"height":0},"classes":[]}],"_links":{"self":[{"href":"https:\/\/shotz-smoke.de\/en\/wp-json\/wp\/v2\/pages\/12349","targetHints":{"allow":["GET"]}}],"collection":[{"href":"https:\/\/shotz-smoke.de\/en\/wp-json\/wp\/v2\/pages"}],"about":[{"href":"https:\/\/shotz-smoke.de\/en\/wp-json\/wp\/v2\/types\/page"}],"author":[{"embeddable":true,"href":"https:\/\/shotz-smoke.de\/en\/wp-json\/wp\/v2\/users\/1"}],"replies":[{"embeddable":true,"href":"https:\/\/shotz-smoke.de\/en\/wp-json\/wp\/v2\/comments?post=12349"}],"version-history":[{"count":1,"href":"https:\/\/shotz-smoke.de\/en\/wp-json\/wp\/v2\/pages\/12349\/revisions"}],"predecessor-version":[{"id":12350,"href":"https:\/\/shotz-smoke.de\/en\/wp-json\/wp\/v2\/pages\/12349\/revisions\/12350"}],"wp:attachment":[{"href":"https:\/\/shotz-smoke.de\/en\/wp-json\/wp\/v2\/media?parent=12349"}],"curies":[{"name":"wp","href":"https:\/\/api.w.org\/{rel}","templated":true}]}}